{"id":685,"date":"2025-08-29T10:36:51","date_gmt":"2025-08-29T10:36:51","guid":{"rendered":"https:\/\/fitness-liebe.de\/magazin\/?page_id=685"},"modified":"2025-08-29T11:19:38","modified_gmt":"2025-08-29T11:19:38","slug":"gazi-avakhti","status":"publish","type":"page","link":"https:\/\/fitness-liebe.de\/magazin\/gazi-avakhti\/","title":{"rendered":"Gazi Avakhti &#8211; Fitness-Experte und Personaltrainer"},"content":{"rendered":"<p><!-- Autorenseite: Gazi Avakthi (fitness-liebe.de) --><\/p>\n<article id=\"autor-gazi-avakthi\" lang=\"de\">\n<header>\n<h1>Gazi Avakthi \u2013 Personaltrainer &amp; Erfinder des GA Shaker+<\/h1>\n<figure><img decoding=\"async\" class=\"alignnone wp-image-686 size-medium lazyload\" data-src=\"https:\/\/fitness-liebe.de\/magazin\/wp-content\/uploads\/2025\/08\/gazi-avakhti-full-300x300.jpg\" alt=\"\" width=\"300\" height=\"300\" data-srcset=\"https:\/\/fitness-liebe.de\/magazin\/wp-content\/uploads\/2025\/08\/gazi-avakhti-full-300x300.jpg 300w, https:\/\/fitness-liebe.de\/magazin\/wp-content\/uploads\/2025\/08\/gazi-avakhti-full-150x150.jpg 150w, https:\/\/fitness-liebe.de\/magazin\/wp-content\/uploads\/2025\/08\/gazi-avakhti-full-768x768.jpg 768w, https:\/\/fitness-liebe.de\/magazin\/wp-content\/uploads\/2025\/08\/gazi-avakhti-full-80x80.jpg 80w, https:\/\/fitness-liebe.de\/magazin\/wp-content\/uploads\/2025\/08\/gazi-avakhti-full-320x320.jpg 320w, https:\/\/fitness-liebe.de\/magazin\/wp-content\/uploads\/2025\/08\/gazi-avakhti-full.jpg 1024w\" data-sizes=\"(max-width: 300px) 100vw, 300px\" src=\"data:image\/svg+xml;base64,PHN2ZyB3aWR0aD0iMSIgaGVpZ2h0PSIxIiB4bWxucz0iaHR0cDovL3d3dy53My5vcmcvMjAwMC9zdmciPjwvc3ZnPg==\" style=\"--smush-placeholder-width: 300px; --smush-placeholder-aspect-ratio: 300\/300;\" \/><figcaption>Gazi Avakthi, Personaltrainer und Erfinder des GA Shaker+<\/figcaption><\/figure>\n<\/header>\n<section aria-labelledby=\"ueber-gazi\">\n<h2 id=\"ueber-gazi\">\u00dcber Gazi Avakthi<\/h2>\n<p>Gazi Avakthi ist ehemaliger Fu\u00dfballprofi und seit 2008 als selbstst\u00e4ndiger Personaltrainer t\u00e4tig. In dieser Zeit hat er \u00fcber <strong>14.000 Trainingsstunden<\/strong> mit Kundinnen und Kunden absolviert und vereint Praxisn\u00e4he mit fundierter Methodik in den Bereichen Krafttraining, Athletik und Gesundheit.<\/p>\n<p>Als Erfinder des <strong>GA Shaker+<\/strong> \u2013 einem multifunktionalen Shaker mit Magnethaftung, Smartphone- und Kartenhalterung, Handtuchhalter, Tragegriff und Shakerfunktion \u2013 schaffte er es bis ins <strong>Finale der TV-Sendung \u201eDas Ding des Jahres\u201c<\/strong> und erzielte bereits im ersten Verkaufsjahr <strong>6-stellige Verkaufszahlen<\/strong>.<\/p>\n<\/section>\n<section aria-labelledby=\"story\">\n<h2 id=\"story\">Story &amp; Vision<\/h2>\n<p>Die Produktidee entstand aus einem echten Alltagsproblem: Im Fitnessstudio alle Essentials (Handtuch, Getr\u00e4nk, Smartphone, Kopfh\u00f6rer, Schl\u00fcssel\/Mitgliedskarte) st\u00e4ndig mitnehmen zu m\u00fcssen. Aus dieser Beobachtung entwickelte Gazi den GA Shaker+, der Training einfacher und organisierter macht \u2013 mit dem Ziel, Fitnessalltag sp\u00fcrbar zu erleichtern.<\/p>\n<\/section>\n<section aria-labelledby=\"publikationen\">\n<h2 id=\"publikationen\">Als Autor auf fitness-liebe.de<\/h2>\n<p>Auf <em>fitness-liebe.de<\/em> teilt Gazi Erfahrungen aus Profisport, Personaltraining und Produktentwicklung. Seine Beitr\u00e4ge verbinden praktische Tipps mit evidenzbasierten Ans\u00e4tzen und zeigen, wie Training nachhaltig in den Alltag integriert werden kann.<\/p>\n<\/section>\n<section aria-labelledby=\"social\">\n<h2 id=\"social\">Profile &amp; Kontakt<\/h2>\n<ul>\n<li><a href=\"https:\/\/www.facebook.com\/GA-PersonalTraining-120967137968786\/\" target=\"_blank\" rel=\"me noopener\">Facebook: GA-PersonalTraining<\/a><\/li>\n<li><a href=\"https:\/\/www.instagram.com\/personaltrainer_gazi\/\" target=\"_blank\" rel=\"me noopener\">Instagram: @personaltrainer_gazi<\/a><\/li>\n<li><a href=\"https:\/\/www.linkedin.com\/in\/gazi-avakhti-103689198\/\" target=\"_blank\" rel=\"me noopener\">LinkedIn: Gazi Avakhti<\/a><\/li>\n<li><a href=\"https:\/\/www.youtube.com\/user\/GAPersonalTraining\" target=\"_blank\" rel=\"me noopener\">YouTube: GAPersonalTraining<\/a><\/li>\n<\/ul>\n<\/section>\n<section aria-labelledby=\"produkte\">\n<h2 id=\"produkte\">Produkt: GA Shaker+<\/h2>\n<p>Der GA Shaker+ ist ein multifunktionaler Shaker f\u00fcr das Fitnessstudio mit:<\/p>\n<ul>\n<li>Magnethaftfunktion f\u00fcr metallische Ger\u00e4te\/Oberfl\u00e4chen<\/li>\n<li>Halterung f\u00fcr Smartphone und Karte\/Mitgliedsausweis<\/li>\n<li>Handtuchhalter und praktischer Tragegriff<\/li>\n<li>Integrierter Shakerfunktion<\/li>\n<\/ul>\n<p>Durch diese Features hebt sich der GA Shaker+ klar von herk\u00f6mmlichen Flaschen ab und l\u00f6st ein verbreitetes Problem auf der Trainingsfl\u00e4che.<\/p>\n<\/section>\n<footer><strong>Presse\/Kooperationen:<\/strong> F\u00fcr Interviews, Fachbeitr\u00e4ge oder Kooperationen rund um Training und Produktentwicklung nutzen Sie bitte die Social-Media-Kan\u00e4le oben.<\/footer>\n<\/article>\n","protected":false},"excerpt":{"rendered":"<p>Gazi Avakthi \u2013 Personaltrainer &amp; Erfinder des GA Shaker+ Gazi Avakthi, Personaltrainer und Erfinder des GA Shaker+ \u00dcber Gazi Avakthi Gazi Avakthi ist ehemaliger Fu\u00dfballprofi und seit 2008 als selbstst\u00e4ndiger Personaltrainer t\u00e4tig. In dieser&#46;&#46;&#46;<\/p>\n","protected":false},"author":1,"featured_media":0,"parent":0,"menu_order":0,"comment_status":"closed","ping_status":"closed","template":"","meta":{"footnotes":""},"class_list":["post-685","page","type-page","status-publish","hentry"],"aioseo_notices":[],"_links":{"self":[{"href":"https:\/\/fitness-liebe.de\/magazin\/wp-json\/wp\/v2\/pages\/685","targetHints":{"allow":["GET"]}}],"collection":[{"href":"https:\/\/fitness-liebe.de\/magazin\/wp-json\/wp\/v2\/pages"}],"about":[{"href":"https:\/\/fitness-liebe.de\/magazin\/wp-json\/wp\/v2\/types\/page"}],"author":[{"embeddable":true,"href":"https:\/\/fitness-liebe.de\/magazin\/wp-json\/wp\/v2\/users\/1"}],"replies":[{"embeddable":true,"href":"https:\/\/fitness-liebe.de\/magazin\/wp-json\/wp\/v2\/comments?post=685"}],"version-history":[{"count":3,"href":"https:\/\/fitness-liebe.de\/magazin\/wp-json\/wp\/v2\/pages\/685\/revisions"}],"predecessor-version":[{"id":689,"href":"https:\/\/fitness-liebe.de\/magazin\/wp-json\/wp\/v2\/pages\/685\/revisions\/689"}],"wp:attachment":[{"href":"https:\/\/fitness-liebe.de\/magazin\/wp-json\/wp\/v2\/media?parent=685"}],"curies":[{"name":"wp","href":"https:\/\/api.w.org\/{rel}","templated":true}]}}